{"id":159,"date":"2017-10-06T20:21:35","date_gmt":"2017-10-06T19:21:35","guid":{"rendered":"http:\/\/coiffure-moustache.ch\/wpwordpress\/?page_id=159"},"modified":"2024-05-03T06:23:19","modified_gmt":"2024-05-03T05:23:19","slug":"kontakt","status":"publish","type":"page","link":"https:\/\/zweit-haar-beauty.ch\/wpress\/kontakt\/","title":{"rendered":"Kontakt"},"content":{"rendered":"<section class=\"wpb-content-wrapper\"><div class=\"vc_row wpb_row vc_row-fluid\"><div class=\"wpb_column vc_column_container vc_col-sm-4\"><div class=\"vc_column-inner\"><div class=\"wpb_wrapper\">\n\t<div class=\"wpb_text_column wpb_content_element \" >\n\t\t<div class=\"wpb_wrapper\">\n\t\t\t<p><strong>Standort SISSACH<\/strong><br \/>\nHauptstrasse 101 (Seiteneingang)<br \/>\nCH-4450 Sissach<\/p>\n<p>+41 76 465 31 43<br \/>\ninfo@zweit-haar-beauty.ch<\/p>\n<p>Termine nach Vereinbarrung.<\/p>\n\n\t\t<\/div>\n\t<\/div>\n<\/div><\/div><\/div><div class=\"wpb_column vc_column_container vc_col-sm-4\"><div class=\"vc_column-inner\"><div class=\"wpb_wrapper\">\n\t<div  class=\"wpb_single_image wpb_content_element vc_align_left\">\n\t\t\n\t\t<figure class=\"wpb_wrapper vc_figure\">\n\t\t\t<a href=\"https:\/\/www.google.ch\/maps\/place\/Hauptstrasse+101,+4450+Sissach\/@47.4643324,7.8073745,16z\/data=!4m6!3m5!1s0x47903525c7e91815:0x6fddd231e766340d!8m2!3d47.4646305!4d7.8089183!16s%2Fg%2F11c1x0h7yw?hl=de&amp;entry=ttu\" target=\"_blank\" class=\"vc_single_image-wrapper   vc_box_border_grey\"><img width=\"610\" height=\"350\" src=\"https:\/\/zweit-haar-beauty.ch\/wpress\/wp-content\/uploads\/zweit-haar-beauty_standort-sissach.png\" class=\"vc_single_image-img attachment-full\" alt=\"Beratung Sissach: Per\u00fccken, Turbane, Kopft\u00fccher, Caps, H\u00fcte, Augenbrauen\" decoding=\"async\" loading=\"lazy\" title=\"Beratung Sissach: Per\u00fccken, Turbane, Kopft\u00fccher, Caps, H\u00fcte, Augenbrauen\" srcset=\"https:\/\/zweit-haar-beauty.ch\/wpress\/wp-content\/uploads\/zweit-haar-beauty_standort-sissach.png 610w, https:\/\/zweit-haar-beauty.ch\/wpress\/wp-content\/uploads\/zweit-haar-beauty_standort-sissach-300x172.png 300w\" sizes=\"(max-width: 610px) 100vw, 610px\" \/><\/a>\n\t\t<\/figure>\n\t<\/div>\n<\/div><\/div><\/div><div class=\"wpb_column vc_column_container vc_col-sm-4\"><div class=\"vc_column-inner\"><div class=\"wpb_wrapper\">\n\t<div  class=\"wpb_single_image wpb_content_element vc_align_left\">\n\t\t\n\t\t<figure class=\"wpb_wrapper vc_figure\">\n\t\t\t<a class=\"\" data-lightbox=\"lightbox[rel-159-1114270868]\" href=\"https:\/\/zweit-haar-beauty.ch\/wpress\/wp-content\/uploads\/zweit-haar-beauty_raum-sissach_1-1024x553.jpg\" target=\"_self\" class=\"vc_single_image-wrapper   vc_box_border_grey\"><img width=\"2560\" height=\"1381\" src=\"https:\/\/zweit-haar-beauty.ch\/wpress\/wp-content\/uploads\/zweit-haar-beauty_raum-sissach_1-scaled.jpg\" class=\"vc_single_image-img attachment-full\" alt=\"Beratung Sissach: Per\u00fccken, Turbane, Kopft\u00fccher, Caps, H\u00fcte, Augenbrauen\" decoding=\"async\" loading=\"lazy\" title=\"Beratung Sissach: Per\u00fccken, Turbane, Kopft\u00fccher, Caps, H\u00fcte, Augenbrauen\" srcset=\"https:\/\/zweit-haar-beauty.ch\/wpress\/wp-content\/uploads\/zweit-haar-beauty_raum-sissach_1-scaled.jpg 2560w, https:\/\/zweit-haar-beauty.ch\/wpress\/wp-content\/uploads\/zweit-haar-beauty_raum-sissach_1-300x162.jpg 300w, https:\/\/zweit-haar-beauty.ch\/wpress\/wp-content\/uploads\/zweit-haar-beauty_raum-sissach_1-1024x553.jpg 1024w, https:\/\/zweit-haar-beauty.ch\/wpress\/wp-content\/uploads\/zweit-haar-beauty_raum-sissach_1-768x414.jpg 768w, https:\/\/zweit-haar-beauty.ch\/wpress\/wp-content\/uploads\/zweit-haar-beauty_raum-sissach_1-1536x829.jpg 1536w, https:\/\/zweit-haar-beauty.ch\/wpress\/wp-content\/uploads\/zweit-haar-beauty_raum-sissach_1-2048x1105.jpg 2048w\" sizes=\"(max-width: 2560px) 100vw, 2560px\" \/><\/a>\n\t\t<\/figure>\n\t<\/div>\n\n\t<div  class=\"wpb_single_image wpb_content_element vc_align_left\">\n\t\t\n\t\t<figure class=\"wpb_wrapper vc_figure\">\n\t\t\t<a class=\"\" data-lightbox=\"lightbox[rel-159-2125231992]\" href=\"https:\/\/zweit-haar-beauty.ch\/wpress\/wp-content\/uploads\/zweit-haar-beauty_raum-sissach_2-1024x768.jpg\" target=\"_self\" class=\"vc_single_image-wrapper   vc_box_border_grey\"><img width=\"2048\" height=\"1536\" src=\"https:\/\/zweit-haar-beauty.ch\/wpress\/wp-content\/uploads\/zweit-haar-beauty_raum-sissach_2.jpg\" class=\"vc_single_image-img attachment-full\" alt=\"Beratung Sissach: Per\u00fccken, Turbane, Kopft\u00fccher, Caps, H\u00fcte, Augenbrauen\" decoding=\"async\" loading=\"lazy\" title=\"Beratung Sissach: Per\u00fccken, Turbane, Kopft\u00fccher, Caps, H\u00fcte, Augenbrauen\" srcset=\"https:\/\/zweit-haar-beauty.ch\/wpress\/wp-content\/uploads\/zweit-haar-beauty_raum-sissach_2.jpg 2048w, https:\/\/zweit-haar-beauty.ch\/wpress\/wp-content\/uploads\/zweit-haar-beauty_raum-sissach_2-300x225.jpg 300w, https:\/\/zweit-haar-beauty.ch\/wpress\/wp-content\/uploads\/zweit-haar-beauty_raum-sissach_2-1024x768.jpg 1024w, https:\/\/zweit-haar-beauty.ch\/wpress\/wp-content\/uploads\/zweit-haar-beauty_raum-sissach_2-768x576.jpg 768w, https:\/\/zweit-haar-beauty.ch\/wpress\/wp-content\/uploads\/zweit-haar-beauty_raum-sissach_2-1536x1152.jpg 1536w\" sizes=\"(max-width: 2048px) 100vw, 2048px\" \/><\/a>\n\t\t<\/figure>\n\t<\/div>\n<\/div><\/div><\/div><\/div><div class=\"vc_row wpb_row vc_row-fluid\"><div class=\"wpb_column vc_column_container vc_col-sm-4\"><div class=\"vc_column-inner\"><div class=\"wpb_wrapper\">\n\t<div class=\"wpb_text_column wpb_content_element \" >\n\t\t<div class=\"wpb_wrapper\">\n\t\t\t<p><strong>Standort LAUFENTAL und Umgebung<\/strong><br \/>\nIn der Eich 17<br \/>\n4244 R\u00f6schenz<\/p>\n<p>+41 76 465 31 43<br \/>\ninfo@zweit-haar-beauty.ch<\/p>\n<p>Termine nach Vereinbarrung.<\/p>\n\n\t\t<\/div>\n\t<\/div>\n<\/div><\/div><\/div><div class=\"wpb_column vc_column_container vc_col-sm-4\"><div class=\"vc_column-inner\"><div class=\"wpb_wrapper\">\n\t<div  class=\"wpb_single_image wpb_content_element vc_align_left\">\n\t\t\n\t\t<figure class=\"wpb_wrapper vc_figure\">\n\t\t\t<a href=\"https:\/\/www.google.ch\/maps\/place\/In+d.+Eich+17,+4244+R%C3%B6schenz\/@47.4228072,7.4819971,15.83z\/data=!4m6!3m5!1s0x4791c3f2867d5463:0xf11e2ff3b073a549!8m2!3d47.4232327!4d7.4846505!16s%2Fg%2F11c5bw9hwz?hl=de&amp;entry=ttu\" target=\"_blank\" class=\"vc_single_image-wrapper   vc_box_border_grey\"><img width=\"610\" height=\"350\" src=\"https:\/\/zweit-haar-beauty.ch\/wpress\/wp-content\/uploads\/zweit-haar-beauty_standort-laufen.png\" class=\"vc_single_image-img attachment-full\" alt=\"Beratung Laufental und Umgebung: Per\u00fccken, Turbane, Kopft\u00fccher, Caps, H\u00fcte, Augenbrauen\" decoding=\"async\" loading=\"lazy\" title=\"Beratung Laufental und Umgebung: Per\u00fccken, Turbane, Kopft\u00fccher, Caps, H\u00fcte, Augenbrauen\" srcset=\"https:\/\/zweit-haar-beauty.ch\/wpress\/wp-content\/uploads\/zweit-haar-beauty_standort-laufen.png 610w, https:\/\/zweit-haar-beauty.ch\/wpress\/wp-content\/uploads\/zweit-haar-beauty_standort-laufen-300x172.png 300w\" sizes=\"(max-width: 610px) 100vw, 610px\" \/><\/a>\n\t\t<\/figure>\n\t<\/div>\n<\/div><\/div><\/div><div class=\"wpb_column vc_column_container vc_col-sm-4\"><div class=\"vc_column-inner\"><div class=\"wpb_wrapper\"><\/div><\/div><\/div><\/div><div class=\"vc_row wpb_row vc_row-fluid\"><div class=\"wpb_column vc_column_container vc_col-sm-12\"><div class=\"vc_column-inner\"><div class=\"wpb_wrapper\"><div class=\"vc_separator wpb_content_element vc_separator_align_center vc_sep_width_100 vc_sep_pos_align_center vc_separator_no_text vc_sep_color_grey\" ><span class=\"vc_sep_holder vc_sep_holder_l\"><span class=\"vc_sep_line\"><\/span><\/span><span class=\"vc_sep_holder vc_sep_holder_r\"><span class=\"vc_sep_line\"><\/span><\/span>\n<\/div><\/div><\/div><\/div><div class=\"wpb_column vc_column_container vc_col-sm-12\"><div class=\"vc_column-inner\"><div class=\"wpb_wrapper\">\n\t<div class=\"wpb_text_column wpb_content_element \" >\n\t\t<div class=\"wpb_wrapper\">\n\t\t\t<p>Falls wir in einer Beratung sind, hinterlassen Sie uns bitte eine Nachricht. Wir werden Sie schnellstm\u00f6glich zur\u00fcckrufen.<\/p>\n<p>Auf Wunsch kann auch ein Haus- oder Spitalbesuch vereinbart werden.<\/p>\n<p>Besten Dank!<\/p>\n\n\t\t<\/div>\n\t<\/div>\n<\/div><\/div><\/div><\/div>\n<\/section>","protected":false},"excerpt":{"rendered":"Standort SISSACH Hauptstrasse 101 (Seiteneingang) CH-4450 Sissach +41 76 465 31 43 info@zweit-haar-beauty.ch Termine nach Vereinbarrung. Standort LAUFENTAL und Umgebung[...]","protected":false},"author":3,"featured_media":0,"parent":0,"menu_order":80,"comment_status":"closed","ping_status":"closed","template":"template-fullwidth.php","meta":[],"_links":{"self":[{"href":"https:\/\/zweit-haar-beauty.ch\/wpress\/wp-json\/wp\/v2\/pages\/159"}],"collection":[{"href":"https:\/\/zweit-haar-beauty.ch\/wpress\/wp-json\/wp\/v2\/pages"}],"about":[{"href":"https:\/\/zweit-haar-beauty.ch\/wpress\/wp-json\/wp\/v2\/types\/page"}],"author":[{"embeddable":true,"href":"https:\/\/zweit-haar-beauty.ch\/wpress\/wp-json\/wp\/v2\/users\/3"}],"replies":[{"embeddable":true,"href":"https:\/\/zweit-haar-beauty.ch\/wpress\/wp-json\/wp\/v2\/comments?post=159"}],"version-history":[{"count":24,"href":"https:\/\/zweit-haar-beauty.ch\/wpress\/wp-json\/wp\/v2\/pages\/159\/revisions"}],"predecessor-version":[{"id":1911,"href":"https:\/\/zweit-haar-beauty.ch\/wpress\/wp-json\/wp\/v2\/pages\/159\/revisions\/1911"}],"wp:attachment":[{"href":"https:\/\/zweit-haar-beauty.ch\/wpress\/wp-json\/wp\/v2\/media?parent=159"}],"curies":[{"name":"wp","href":"https:\/\/api.w.org\/{rel}","templated":true}]}}