{"id":1798,"date":"2023-08-27T13:10:37","date_gmt":"2023-08-27T12:10:37","guid":{"rendered":"https:\/\/zweit-haar-beauty.ch\/wpress\/?page_id=1798"},"modified":"2024-05-02T13:15:00","modified_gmt":"2024-05-02T12:15:00","slug":"peruecken","status":"publish","type":"page","link":"https:\/\/zweit-haar-beauty.ch\/wpress\/angebot\/peruecken\/","title":{"rendered":"Per\u00fccken"},"content":{"rendered":"<section class=\"wpb-content-wrapper\"><div class=\"vc_row wpb_row vc_row-fluid\"><div class=\"wpb_column vc_column_container vc_col-sm-12\"><div class=\"vc_column-inner\"><div class=\"wpb_wrapper\">\n\t<div class=\"wpb_text_column wpb_content_element \" >\n\t\t<div class=\"wpb_wrapper\">\n\t\t\t<p>Per\u00fccken werden aus unterschiedlichen Gr\u00fcnden getragen. In den meisten F\u00e4llen liegt es daran, dass man entweder unter komplettem Haarausfall leidet, hervorgerufen durch eine Krankheit, durch eine hormonelle St\u00f6rung oder einer Chemotherapie etc..<br \/>\nDamit man auch wirklich mit einer Per\u00fccke zufrieden ist, muss diese in jedem Fall von einem Profi angepasst werden. Dabei sei jedoch Vorsicht geboten.<\/p>\n<p>Ein Coiffeur oder eine Coiffeuse beherrscht nicht automatisch die Kunst des Anpassens einer Per\u00fccke. Diese erlangt man in erster Linie durch Ausbildungen und Erfahrung.<br \/>\nDas Kunsthaar eines Haarersatzes ist nicht zu vergleichen mit normalem Haar (z.B. ist F\u00f6hnen nicht m\u00f6glich), weshalb man ein spezielles H\u00e4ndchen daf\u00fcr haben muss. Hinzu kommt, dass auch die Montur, auf welcher die einzelnen Haarfasern angebracht sind, optimal sitzen muss. Wenn die Montur nicht passt, wirkt die Frisur des Zweithaares unnat\u00fcrlich.<\/p>\n<p><strong>Echthaar oder Kunsthaar?<\/strong><\/p>\n<p>Die Wahrheit ist: mann sieht mittlerweile keinen Unterschied mehr zwischen (guten) Kunsthaar- und Echthaar-Per\u00fccken. Der Unterschied liegt im Preis, der Pflege und Stylbarkeit bzw. in der Haltbarkeit der Haare und der Montur, auf der die Haare befestigt sind.<\/p>\n\n\t\t<\/div>\n\t<\/div>\n<\/div><\/div><\/div><\/div>\n<\/section>","protected":false},"excerpt":{"rendered":"Per\u00fccken werden aus unterschiedlichen Gr\u00fcnden getragen. In den meisten F\u00e4llen liegt es daran, dass man entweder unter komplettem Haarausfall leidet,[...]","protected":false},"author":3,"featured_media":0,"parent":1796,"menu_order":1,"comment_status":"closed","ping_status":"closed","template":"","meta":[],"_links":{"self":[{"href":"https:\/\/zweit-haar-beauty.ch\/wpress\/wp-json\/wp\/v2\/pages\/1798"}],"collection":[{"href":"https:\/\/zweit-haar-beauty.ch\/wpress\/wp-json\/wp\/v2\/pages"}],"about":[{"href":"https:\/\/zweit-haar-beauty.ch\/wpress\/wp-json\/wp\/v2\/types\/page"}],"author":[{"embeddable":true,"href":"https:\/\/zweit-haar-beauty.ch\/wpress\/wp-json\/wp\/v2\/users\/3"}],"replies":[{"embeddable":true,"href":"https:\/\/zweit-haar-beauty.ch\/wpress\/wp-json\/wp\/v2\/comments?post=1798"}],"version-history":[{"count":3,"href":"https:\/\/zweit-haar-beauty.ch\/wpress\/wp-json\/wp\/v2\/pages\/1798\/revisions"}],"predecessor-version":[{"id":1871,"href":"https:\/\/zweit-haar-beauty.ch\/wpress\/wp-json\/wp\/v2\/pages\/1798\/revisions\/1871"}],"up":[{"embeddable":true,"href":"https:\/\/zweit-haar-beauty.ch\/wpress\/wp-json\/wp\/v2\/pages\/1796"}],"wp:attachment":[{"href":"https:\/\/zweit-haar-beauty.ch\/wpress\/wp-json\/wp\/v2\/media?parent=1798"}],"curies":[{"name":"wp","href":"https:\/\/api.w.org\/{rel}","templated":true}]}}