{"id":1803,"date":"2023-08-27T13:11:17","date_gmt":"2023-08-27T12:11:17","guid":{"rendered":"https:\/\/zweit-haar-beauty.ch\/wpress\/?page_id=1803"},"modified":"2024-05-02T20:17:32","modified_gmt":"2024-05-02T19:17:32","slug":"turbane-kopftuecher-caps_oder_huete","status":"publish","type":"page","link":"https:\/\/zweit-haar-beauty.ch\/wpress\/angebot\/turbane-kopftuecher-caps_oder_huete\/","title":{"rendered":"Turbane, Kopft\u00fccher, Caps oder H\u00fcte"},"content":{"rendered":"<section class=\"wpb-content-wrapper\"><div class=\"vc_row wpb_row vc_row-fluid\"><div class=\"wpb_column vc_column_container vc_col-sm-12\"><div class=\"vc_column-inner\"><div class=\"wpb_wrapper\">\n\t<div class=\"wpb_text_column wpb_content_element \" >\n\t\t<div class=\"wpb_wrapper\">\n\t\t\t<p>Neben einer Per\u00fccke sind Turbane, Kopft\u00fccher, Caps oder H\u00fcte eine gute Alternative zur Kopfbedeckung. Allerdings ist Turban nicht gleich Turban, darum ist es beim Aussuchen wichtig, genauer hinzuschauen!<br \/>\nTurbane bei einer Chemotherapie haben zwei wichtige Eigenschaften. Zum einen sollen die Turbane die W\u00e4rmeregulation des Kopfes unterst\u00fctzen und zum anderen soll die Kopfbedeckung vor unangenehmen Blicken sch\u00fctzen.<br \/>\nBeim Kauf muss darauf geachtet weden, dass die Kopfhaut durch medikament\u00f6se Einfl\u00fcsse und d\u00fcnner werdendem Haar \u00e4usserst sensibel geworden ist. Daher ist die Auswahl der Stoffe sehr wichtig. Der Stoff des Turbans sollte zum einen eine gute W\u00e4rmeregulation zulassen und zum anderen Feuchtigkeit schnell aufnehmen und an die Luft abgeben.<\/p>\n<p>Ebenso wichtig wie die W\u00e4rme- und Feuchtigkeitsregulation ist auch die Textur der Stoffe. Kleine Pickelchen oder R\u00f6tungen sind die Folge. Achten Sie daher auf hochwertige Stoffe wie Bambus-Viskose.<\/p>\n<p><strong>Werden Kosten von der IV\/AHV \u00fcbernommen?<\/strong><\/p>\n<p>Haben Sie aus gesundheitlichen Gr\u00fcnden keine Haare mehr? Die Sozialversicherungsanstalten der Schweiz (IV\/AHV) bieten eine finanzielle Unterst\u00fctzung f\u00fcr Betroffene, die einen Haarersatz ben\u00f6tigen.<br \/>\nDazu geh\u00f6ren auch alle Arten von Kopfbedeckungen, Pflegeprodukte f\u00fcr Ihren Haarersatz.<\/p>\n\n\t\t<\/div>\n\t<\/div>\n<\/div><\/div><\/div><\/div>\n<\/section>","protected":false},"excerpt":{"rendered":"Neben einer Per\u00fccke sind Turbane, Kopft\u00fccher, Caps oder H\u00fcte eine gute Alternative zur Kopfbedeckung. Allerdings ist Turban nicht gleich Turban,[...]","protected":false},"author":3,"featured_media":0,"parent":1796,"menu_order":2,"comment_status":"closed","ping_status":"closed","template":"","meta":[],"_links":{"self":[{"href":"https:\/\/zweit-haar-beauty.ch\/wpress\/wp-json\/wp\/v2\/pages\/1803"}],"collection":[{"href":"https:\/\/zweit-haar-beauty.ch\/wpress\/wp-json\/wp\/v2\/pages"}],"about":[{"href":"https:\/\/zweit-haar-beauty.ch\/wpress\/wp-json\/wp\/v2\/types\/page"}],"author":[{"embeddable":true,"href":"https:\/\/zweit-haar-beauty.ch\/wpress\/wp-json\/wp\/v2\/users\/3"}],"replies":[{"embeddable":true,"href":"https:\/\/zweit-haar-beauty.ch\/wpress\/wp-json\/wp\/v2\/comments?post=1803"}],"version-history":[{"count":8,"href":"https:\/\/zweit-haar-beauty.ch\/wpress\/wp-json\/wp\/v2\/pages\/1803\/revisions"}],"predecessor-version":[{"id":1905,"href":"https:\/\/zweit-haar-beauty.ch\/wpress\/wp-json\/wp\/v2\/pages\/1803\/revisions\/1905"}],"up":[{"embeddable":true,"href":"https:\/\/zweit-haar-beauty.ch\/wpress\/wp-json\/wp\/v2\/pages\/1796"}],"wp:attachment":[{"href":"https:\/\/zweit-haar-beauty.ch\/wpress\/wp-json\/wp\/v2\/media?parent=1803"}],"curies":[{"name":"wp","href":"https:\/\/api.w.org\/{rel}","templated":true}]}}