{"id":1835,"date":"2023-08-28T10:28:57","date_gmt":"2023-08-28T09:28:57","guid":{"rendered":"https:\/\/zweit-haar-beauty.ch\/wpress\/?page_id=1835"},"modified":"2024-05-02T20:16:16","modified_gmt":"2024-05-02T19:16:16","slug":"kostenuebernahme-durch-iv-ahv","status":"publish","type":"page","link":"https:\/\/zweit-haar-beauty.ch\/wpress\/angebot\/kostenuebernahme-durch-iv-ahv\/","title":{"rendered":"Kosten\u00fcbernahme durch IV\/AHV"},"content":{"rendered":"<section class=\"wpb-content-wrapper\"><div class=\"vc_row wpb_row vc_row-fluid\"><div class=\"wpb_column vc_column_container vc_col-sm-12\"><div class=\"vc_column-inner\"><div class=\"wpb_wrapper\">\n\t<div class=\"wpb_text_column wpb_content_element \" >\n\t\t<div class=\"wpb_wrapper\">\n\t\t\t<p>Haben Sie aus gesundheitlichen Gr\u00fcnden Ihre Haare verloren?<br \/>\nBetroffenen bieten die Schweizerischen Sozialversicherungsanstalten (IV\/AHV) eine finanzielle Unterst\u00fctzung an, wenn Sie Haarersatz oder eine Gesichtsepithese ben\u00f6tigen.<\/p>\n<p><em>&#8222;Versicherte der IV haben im Rahmen einer vom Bundesrat aufgestellten Liste einerseits Anspruch auf Hilfsmittel, die sie ben\u00f6tigen, um weiter erwerbst\u00e4tig oder in ihrem bisherigen Aufgabenbereich (z. B. als Hausfrau oder Hausmann) t\u00e4tig bleiben zu k\u00f6nnen, aber auch auf Hilfsmittel, die f\u00fcr die Schulung, Ausbildung und funktionelle Angew\u00f6hnung ben\u00f6tigt werden.<\/em><br \/>\n<em>Anderseits haben Versicherte der IV auch Anspruch auf Hilfsmittel, die sie brauchen, um ihren privaten Alltag m\u00f6glichst selbst\u00e4ndig und unabh\u00e4ngig zu bew\u00e4ltigen. <span style=\"color: #ff0000;\"><strong>Dazu geh\u00f6ren Hilfsmittel f\u00fcr die Fortbewegung, f\u00fcr die Herstellung von Kontakten mit der Umwelt und f\u00fcr die Selbstsorge.<\/strong><\/span>&#8220;<br \/>\n<\/em><span style=\"font-size: 10pt;\">Auszug aus AHV\/IV PDF4.03_d [Hilfsmittel der IV]<br \/>\n<\/span><br \/>\n<!--- Das ganze Dokument &#091;Hilfsmittel der IV&#093; finden Sie <a href=\"https:\/\/www.ahv-iv.ch\/p\/4.03.d\" target=\"_blank\" rel=\"noopener\"><span style=\"display: inline-block; width: 0px; overflow: hidden; line-height: 0;\" data-mce-type=\"bookmark\" class=\"mce_SELRES_start\"><\/span>hier.<\/a><span style=\"display: inline-block; width: 0px; overflow: hidden; line-height: 0;\" data-mce-type=\"bookmark\" class=\"mce_SELRES_start\"><\/span>\n---> Wir helfen Ihnen gerne beim Ausf\u00fcllen und Einreichen der entsprechenden Formulare.<\/p>\n<p>ZWEIT HAAR BEAUTY ist von der IV\/AHV anerkannt.<\/p>\n<p>ZWEIT HAAR BEAUTY rechnet direkt mit der IV\/AHV ab.<\/p>\n\n\t\t<\/div>\n\t<\/div>\n<\/div><\/div><\/div><\/div>\n<\/section>","protected":false},"excerpt":{"rendered":"Haben Sie aus gesundheitlichen Gr\u00fcnden Ihre Haare verloren? Betroffenen bieten die Schweizerischen Sozialversicherungsanstalten (IV\/AHV) eine finanzielle Unterst\u00fctzung an, wenn Sie[...]","protected":false},"author":3,"featured_media":0,"parent":1796,"menu_order":4,"comment_status":"closed","ping_status":"closed","template":"","meta":[],"_links":{"self":[{"href":"https:\/\/zweit-haar-beauty.ch\/wpress\/wp-json\/wp\/v2\/pages\/1835"}],"collection":[{"href":"https:\/\/zweit-haar-beauty.ch\/wpress\/wp-json\/wp\/v2\/pages"}],"about":[{"href":"https:\/\/zweit-haar-beauty.ch\/wpress\/wp-json\/wp\/v2\/types\/page"}],"author":[{"embeddable":true,"href":"https:\/\/zweit-haar-beauty.ch\/wpress\/wp-json\/wp\/v2\/users\/3"}],"replies":[{"embeddable":true,"href":"https:\/\/zweit-haar-beauty.ch\/wpress\/wp-json\/wp\/v2\/comments?post=1835"}],"version-history":[{"count":6,"href":"https:\/\/zweit-haar-beauty.ch\/wpress\/wp-json\/wp\/v2\/pages\/1835\/revisions"}],"predecessor-version":[{"id":1904,"href":"https:\/\/zweit-haar-beauty.ch\/wpress\/wp-json\/wp\/v2\/pages\/1835\/revisions\/1904"}],"up":[{"embeddable":true,"href":"https:\/\/zweit-haar-beauty.ch\/wpress\/wp-json\/wp\/v2\/pages\/1796"}],"wp:attachment":[{"href":"https:\/\/zweit-haar-beauty.ch\/wpress\/wp-json\/wp\/v2\/media?parent=1835"}],"curies":[{"name":"wp","href":"https:\/\/api.w.org\/{rel}","templated":true}]}}