{"id":901,"date":"2021-02-19T16:40:53","date_gmt":"2021-02-19T15:40:53","guid":{"rendered":"https:\/\/gilgenag.ch\/wpress\/?page_id=901"},"modified":"2024-12-23T16:15:40","modified_gmt":"2024-12-23T15:15:40","slug":"start","status":"publish","type":"page","link":"https:\/\/zweit-haar-beauty.ch\/wpress\/","title":{"rendered":""},"content":{"rendered":"<section class=\"wpb-content-wrapper\"><div class=\"vc_row wpb_row vc_row-fluid\"><div class=\"wpb_column vc_column_container vc_col-sm-12\"><div class=\"vc_column-inner vc_custom_1693131034212\"><div class=\"wpb_wrapper\">\n\t<div class=\"wpb_text_column wpb_content_element \" >\n\t\t<div class=\"wpb_wrapper\">\n\t\t\t<p>&nbsp;<\/p>\n\n\t\t<\/div>\n\t<\/div>\n<\/div><\/div><\/div><\/div><div class=\"vc_row wpb_row vc_row-fluid\"><div class=\"wpb_column vc_column_container vc_col-sm-12\"><div class=\"vc_column-inner\"><div class=\"wpb_wrapper\">\n\t<div  class=\"wpb_single_image wpb_content_element vc_align_center\">\n\t\t\n\t\t<figure class=\"wpb_wrapper vc_figure\">\n\t\t\t<div class=\"vc_single_image-wrapper   vc_box_border_grey\"><img width=\"609\" height=\"279\" src=\"https:\/\/zweit-haar-beauty.ch\/wpress\/wp-content\/uploads\/logo_zweit-haar-beauty.png\" class=\"vc_single_image-img attachment-full\" alt=\"Zweit Haar Beauty\" decoding=\"async\" loading=\"lazy\" title=\"Zweit Haar Beauty\" srcset=\"https:\/\/zweit-haar-beauty.ch\/wpress\/wp-content\/uploads\/logo_zweit-haar-beauty.png 609w, https:\/\/zweit-haar-beauty.ch\/wpress\/wp-content\/uploads\/logo_zweit-haar-beauty-300x137.png 300w\" sizes=\"(max-width: 609px) 100vw, 609px\" \/><\/div>\n\t\t<\/figure>\n\t<\/div>\n<\/div><\/div><\/div><\/div><div class=\"vc_row wpb_row vc_row-fluid\"><div class=\"wpb_column vc_column_container vc_col-sm-3\"><div class=\"vc_column-inner\"><div class=\"wpb_wrapper\"><\/div><\/div><\/div><div class=\"wpb_column vc_column_container vc_col-sm-9\"><div class=\"vc_column-inner\"><div class=\"wpb_wrapper\">\n\t<div class=\"wpb_text_column wpb_content_element \" >\n\t\t<div class=\"wpb_wrapper\">\n\t\t\t<p><a href=\"https:\/\/zweit-haar-beauty.ch\/wpress\/medien\/\"><img decoding=\"async\" loading=\"lazy\" class=\"alignnone wp-image-1921\" src=\"https:\/\/zweit-haar-beauty.ch\/wpress\/wp-content\/uploads\/logo_volksstimme-bl.png\" alt=\"\" width=\"200\" height=\"38\" srcset=\"https:\/\/zweit-haar-beauty.ch\/wpress\/wp-content\/uploads\/logo_volksstimme-bl.png 2599w, https:\/\/zweit-haar-beauty.ch\/wpress\/wp-content\/uploads\/logo_volksstimme-bl-300x57.png 300w, https:\/\/zweit-haar-beauty.ch\/wpress\/wp-content\/uploads\/logo_volksstimme-bl-1024x195.png 1024w, https:\/\/zweit-haar-beauty.ch\/wpress\/wp-content\/uploads\/logo_volksstimme-bl-768x147.png 768w, https:\/\/zweit-haar-beauty.ch\/wpress\/wp-content\/uploads\/logo_volksstimme-bl-1536x293.png 1536w, https:\/\/zweit-haar-beauty.ch\/wpress\/wp-content\/uploads\/logo_volksstimme-bl-2048x391.png 2048w\" sizes=\"(max-width: 200px) 100vw, 200px\" \/><\/a> \u00a0 <strong><a style=\"color: #ff0000;\" href=\"https:\/\/zweit-haar-beauty.ch\/wpress\/medien\/\"><span style=\"color: #3366ff;\">Lesen Sie den aktuellen Artikel \u00fcber uns in der Volksstimme vom 3.5.2024.<\/span><\/a><\/strong><\/p>\n\n\t\t<\/div>\n\t<\/div>\n<\/div><\/div><\/div><\/div><div class=\"vc_row wpb_row vc_row-fluid\"><div class=\"wpb_column vc_column_container vc_col-sm-3\"><div class=\"vc_column-inner\"><div class=\"wpb_wrapper\">\n\t<div class=\"wpb_text_column wpb_content_element \" >\n\t\t<div class=\"wpb_wrapper\">\n\t\t\t<p><span style=\"font-size: 18pt;\"><strong>Ihr Beratungsteam<\/strong><\/span><\/p>\n\n\t\t<\/div>\n\t<\/div>\n\n\t<div  class=\"wpb_single_image wpb_content_element vc_align_left  vc_custom_1714387231014\">\n\t\t\n\t\t<figure class=\"wpb_wrapper vc_figure\">\n\t\t\t<div class=\"vc_single_image-wrapper   vc_box_border_grey\"><img width=\"200\" height=\"300\" src=\"https:\/\/zweit-haar-beauty.ch\/wpress\/wp-content\/uploads\/Ruth_Fellino-Mueller_Portrait.png\" class=\"vc_single_image-img attachment-full\" alt=\"Ruth Fellino-M\u00fcller Sissach, Laufental und Umgebung\" decoding=\"async\" loading=\"lazy\" title=\"Ruth Fellino-M\u00fcller\" \/><\/div>\n\t\t<\/figure>\n\t<\/div>\n\n\t<div class=\"wpb_text_column wpb_content_element \" >\n\t\t<div class=\"wpb_wrapper\">\n\t\t\t<p><span style=\"font-size: 10pt;\">Ruth Fellino-M\u00fcller<\/span><br \/>\n<span style=\"font-size: 10pt;\">Sissach, Laufental und Umgebung<br \/>\n<\/span><\/p>\n\n\t\t<\/div>\n\t<\/div>\n\n\t<div  class=\"wpb_single_image wpb_content_element vc_align_left  vc_custom_1714387262056\">\n\t\t\n\t\t<figure class=\"wpb_wrapper vc_figure\">\n\t\t\t<div class=\"vc_single_image-wrapper   vc_box_border_grey\"><img width=\"200\" height=\"300\" src=\"https:\/\/zweit-haar-beauty.ch\/wpress\/wp-content\/uploads\/Michele_Jrman_Portrait.png\" class=\"vc_single_image-img attachment-full\" alt=\"Mich\u00e8le Jrman Sissach\" decoding=\"async\" loading=\"lazy\" title=\"Mich\u00e8le Jrman\" \/><\/div>\n\t\t<\/figure>\n\t<\/div>\n\n\t<div class=\"wpb_text_column wpb_content_element \" >\n\t\t<div class=\"wpb_wrapper\">\n\t\t\t<p><span style=\"font-size: 10pt;\">Mich\u00e8le Jrman<\/span><br \/>\n<span style=\"font-size: 10pt;\">Sissach<\/span><\/p>\n\n\t\t<\/div>\n\t<\/div>\n<\/div><\/div><\/div><div class=\"wpb_column vc_column_container vc_col-sm-9\"><div class=\"vc_column-inner\"><div class=\"wpb_wrapper\">\n\t<div class=\"wpb_text_column wpb_content_element \" >\n\t\t<div class=\"wpb_wrapper\">\n\t\t\t<p><strong>Der Verlust der eigenen Haare ist f\u00fcr jede betroffene Person ein sehr sensibles Thema. Da ist Umsicht, Diskretion und Professionalit\u00e4t gefordert.<\/strong><\/p>\n<ul>\n<li>Soll die Per\u00fccke in Echt- oder Synthetikhaar gefertigt sein? Was sind die Vor- und Nachteile? Worauf muss ich achten?<\/li>\n<li>Will ich eine Per\u00fccke mit topaktueller Frisur oder lieber m\u00f6glichst eine unauff\u00e4llige?<\/li>\n<li>Soll die Per\u00fccke modische Accessoires haben?<\/li>\n<li>Will ich statt einer Per\u00fccke lieber ein Tuch oder gar einen Turban tragen?<\/li>\n<li>Was passt wirklich zu mir?<\/li>\n<li>Wie kann ich meine Per\u00fccke reinigen und pflegen?<\/li>\n<\/ul>\n<p>Es ist mir ein grosses Anliegen, Sie bei der Wahl der Kopfbedeckung (Per\u00fccke, Turban etc.) zu beraten und zu unterst\u00fctzen. Neben einer sorgf\u00e4ltigen und individuellen Beratung suche ich zusammen mit Ihnen eine L\u00f6sung. Diese soll Ihren Vorstellungen (z.B. Aussehen) und auch Ihrem ganz pers\u00f6nlichen Bed\u00fcrfnis entsprechen.<\/p>\n<p>Gerne helfe ich Ihnen auch bei den Anmeldeformalit\u00e4ten und der Abrechnung der Sozialversicherung.<\/p>\n<p>Ich bin gerne f\u00fcr Sie da.<\/p>\n<h3><b>Ruth Fellino \u2013 M\u00fcller<\/b><\/h3>\n<p>Bei einer Per\u00fcckenberatung bitte vorher anmelden. Termine sind nur telefonisch m\u00f6glich.<\/p>\n<p>Mobile: <strong>+41 76 465 31 43<\/strong><\/p>\n\n\t\t<\/div>\n\t<\/div>\n<\/div><\/div><\/div><\/div>\n<\/section>","protected":false},"excerpt":{"rendered":"&nbsp; \u00a0 Lesen Sie den aktuellen Artikel \u00fcber uns in der Volksstimme vom 3.5.2024. Ihr Beratungsteam Ruth Fellino-M\u00fcller Sissach, Laufental[...]","protected":false},"author":2,"featured_media":0,"parent":0,"menu_order":0,"comment_status":"closed","ping_status":"closed","template":"template-fullwidth.php","meta":[],"_links":{"self":[{"href":"https:\/\/zweit-haar-beauty.ch\/wpress\/wp-json\/wp\/v2\/pages\/901"}],"collection":[{"href":"https:\/\/zweit-haar-beauty.ch\/wpress\/wp-json\/wp\/v2\/pages"}],"about":[{"href":"https:\/\/zweit-haar-beauty.ch\/wpress\/wp-json\/wp\/v2\/types\/page"}],"author":[{"embeddable":true,"href":"https:\/\/zweit-haar-beauty.ch\/wpress\/wp-json\/wp\/v2\/users\/2"}],"replies":[{"embeddable":true,"href":"https:\/\/zweit-haar-beauty.ch\/wpress\/wp-json\/wp\/v2\/comments?post=901"}],"version-history":[{"count":39,"href":"https:\/\/zweit-haar-beauty.ch\/wpress\/wp-json\/wp\/v2\/pages\/901\/revisions"}],"predecessor-version":[{"id":1951,"href":"https:\/\/zweit-haar-beauty.ch\/wpress\/wp-json\/wp\/v2\/pages\/901\/revisions\/1951"}],"wp:attachment":[{"href":"https:\/\/zweit-haar-beauty.ch\/wpress\/wp-json\/wp\/v2\/media?parent=901"}],"curies":[{"name":"wp","href":"https:\/\/api.w.org\/{rel}","templated":true}]}}